{"id":374,"date":"2020-01-13T11:17:52","date_gmt":"2020-01-13T11:17:52","guid":{"rendered":"https:\/\/demosites.io\/web-agency-gb\/?page_id=5"},"modified":"2025-06-30T09:52:11","modified_gmt":"2025-06-30T09:52:11","slug":"15c42-web-agency-gb-home","status":"publish","type":"page","link":"https:\/\/www.iginhattara.fi\/","title":{"rendered":""},"content":{"rendered":"\n<div style=\"height:80px\" aria-hidden=\"true\" class=\"wp-block-spacer\"><\/div>\n\n\n\n<div class=\"wp-block-columns\">\n<div class=\"wp-block-column has-neve-link-color-background-color has-background\">\n<p><\/p>\n\n\n\n<p><\/p>\n\n\n\n<div class=\"wp-block-image\"><figure class=\"aligncenter size-large is-resized\"><img loading=\"lazy\" src=\"http:\/\/www.iginhattara.fi\/wp-content\/uploads\/2021\/10\/HYVA-LOGO-674x1024.png\" alt=\"\" class=\"wp-image-424\" width=\"117\" height=\"178\" srcset=\"https:\/\/www.iginhattara.fi\/wp-content\/uploads\/2021\/10\/HYVA-LOGO-674x1024.png 674w, https:\/\/www.iginhattara.fi\/wp-content\/uploads\/2021\/10\/HYVA-LOGO-197x300.png 197w, https:\/\/www.iginhattara.fi\/wp-content\/uploads\/2021\/10\/HYVA-LOGO-768x1168.png 768w, https:\/\/www.iginhattara.fi\/wp-content\/uploads\/2021\/10\/HYVA-LOGO-1010x1536.png 1010w, https:\/\/www.iginhattara.fi\/wp-content\/uploads\/2021\/10\/HYVA-LOGO-1347x2048.png 1347w\" sizes=\"(max-width: 117px) 100vw, 117px\" \/><\/figure><\/div>\n\n\n\n<h3 class=\"has-text-align-center has-neve-text-color-color has-text-color\">MIT\u00c4?<\/h3>\n\n\n\n<p class=\"has-text-align-center\">Hattaraa! kuutta eri makua ja v\u00e4ri\u00e4. Isosti makua ja reippaasti kokoa todenn\u00e4k\u00f6isesti suomen suurimmat hattarat! Katso kuvat alhalta!<\/p>\n\n\n\n<div style=\"height:20px\" aria-hidden=\"true\" class=\"wp-block-spacer\"><\/div>\n\n\n\n<p><\/p>\n<\/div>\n\n\n\n<div class=\"wp-block-column has-neve-link-hover-color-background-color has-background\">\n<p><\/p>\n\n\n\n<p><\/p>\n\n\n\n<div class=\"wp-block-image\"><figure class=\"aligncenter size-large is-resized\"><a href=\"http:\/\/www.iginhattara.fi\/index.php\/481-2\/\"><img loading=\"lazy\" src=\"http:\/\/www.iginhattara.fi\/wp-content\/uploads\/2021\/10\/HYVA-LOGO-674x1024.png\" alt=\"\" class=\"wp-image-424\" width=\"117\" height=\"178\" srcset=\"https:\/\/www.iginhattara.fi\/wp-content\/uploads\/2021\/10\/HYVA-LOGO-674x1024.png 674w, https:\/\/www.iginhattara.fi\/wp-content\/uploads\/2021\/10\/HYVA-LOGO-197x300.png 197w, https:\/\/www.iginhattara.fi\/wp-content\/uploads\/2021\/10\/HYVA-LOGO-768x1168.png 768w, https:\/\/www.iginhattara.fi\/wp-content\/uploads\/2021\/10\/HYVA-LOGO-1010x1536.png 1010w, https:\/\/www.iginhattara.fi\/wp-content\/uploads\/2021\/10\/HYVA-LOGO-1347x2048.png 1347w\" sizes=\"(max-width: 117px) 100vw, 117px\" \/><\/a><\/figure><\/div>\n\n\n\n<h3 class=\"has-text-align-center has-neve-text-color-color has-text-color\">MISS\u00c4?<\/h3>\n\n\n\n<p class=\"has-text-align-center\">Meid\u00e4n vaaleapunainen k\u00e4rry haahuilee ymp\u00f6ri Turkua ja erottuu v\u00e4rill\u00e4 sen katukuvasta. Tarkemman sijainnin l\u00f6yd\u00e4t kartalta alhalta!<\/p>\n\n\n\n<div style=\"height:20px\" aria-hidden=\"true\" class=\"wp-block-spacer\"><\/div>\n<\/div>\n\n\n\n<div class=\"wp-block-column has-neve-link-hover-color-background-color has-background\">\n<p><\/p>\n\n\n\n<p><\/p>\n\n\n\n<div class=\"wp-block-image\"><figure class=\"aligncenter size-large is-resized\"><img loading=\"lazy\" src=\"http:\/\/www.iginhattara.fi\/wp-content\/uploads\/2021\/10\/HYVA-LOGO-674x1024.png\" alt=\"\" class=\"wp-image-424\" width=\"117\" height=\"178\" srcset=\"https:\/\/www.iginhattara.fi\/wp-content\/uploads\/2021\/10\/HYVA-LOGO-674x1024.png 674w, https:\/\/www.iginhattara.fi\/wp-content\/uploads\/2021\/10\/HYVA-LOGO-197x300.png 197w, https:\/\/www.iginhattara.fi\/wp-content\/uploads\/2021\/10\/HYVA-LOGO-768x1168.png 768w, https:\/\/www.iginhattara.fi\/wp-content\/uploads\/2021\/10\/HYVA-LOGO-1010x1536.png 1010w, https:\/\/www.iginhattara.fi\/wp-content\/uploads\/2021\/10\/HYVA-LOGO-1347x2048.png 1347w\" sizes=\"(max-width: 117px) 100vw, 117px\" \/><\/figure><\/div>\n\n\n\n<h3 class=\"has-text-align-center has-neve-text-color-color has-text-color\">TILAISUUKSIIN?<\/h3>\n\n\n\n<p class=\"has-text-align-center\">K\u00e4rryn voi tilata kaiken\u00e4k\u00f6isiin julkisiin tai yksityisiin tilaisuuksiin. Ota roheesti yhteytt\u00e4! Lis\u00e4ksi tarjoamme sirkusesityksi\u00e4! Lis\u00e4\u00e4 alhalla!<\/p>\n\n\n\n<div style=\"height:20px\" aria-hidden=\"true\" class=\"wp-block-spacer\"><\/div>\n<\/div>\n<\/div>\n\n\n\n<div style=\"height:80px\" aria-hidden=\"true\" class=\"wp-block-spacer\"><\/div>\n\n\n\n<div class=\"wp-block-cover alignfull has-nv-light-bg-background-color has-background-dim\" style=\"min-height:600px\"><div class=\"wp-block-cover__inner-container\">\n<div class=\"wp-block-group alignfull\"><div class=\"wp-block-group__inner-container\">\n<div style=\"height:269px\" aria-hidden=\"true\" class=\"wp-block-spacer\"><\/div>\n\n\n\n<p>t<\/p>\n\n\n\n<p>n<\/p>\n\n\n\n<p><\/p>\n\n\n\n<p><\/p>\n\n\n\n<div style=\"height:100px\" aria-hidden=\"true\" class=\"wp-block-spacer\"><\/div>\n\n\n\n<p><\/p>\n\n\n\n<div style=\"height:40px\" aria-hidden=\"true\" class=\"wp-block-spacer\"><\/div>\n\n\n\n<figure class=\"wp-block-table\"><table class=\"has-nv-dark-bg-color has-text-color\"><tbody><tr><td><\/td><td class=\"has-text-align-center\" data-align=\"center\"><\/td><\/tr><\/tbody><\/table><\/figure>\n<\/div><\/div>\n<\/div><\/div>\n\n\n\n<div style=\"height:80px\" aria-hidden=\"true\" class=\"wp-block-spacer\"><\/div>\n\n\n\n<figure class=\"wp-block-image\"><img alt=\"\"\/><\/figure>\n\n\n\n<div class=\"wp-block-cover alignfull has-nv-site-bg-background-color has-background-dim\" style=\"min-height:1548px\"><div class=\"wp-block-cover__inner-container\">\n<div class=\"wp-block-group\"><div class=\"wp-block-group__inner-container\">\n<div style=\"height:80px\" aria-hidden=\"true\" class=\"wp-block-spacer\"><\/div>\n\n\n\n<div class=\"wp-block-columns are-vertically-aligned-center\">\n<div class=\"wp-block-column is-vertically-aligned-center\" style=\"flex-basis:50%\">\n<figure class=\"wp-block-image size-large\"><img loading=\"lazy\" width=\"770\" height=\"1024\" src=\"http:\/\/www.iginhattara.fi\/wp-content\/uploads\/2022\/04\/hattara-kasi-stroke-770x1024.png\" alt=\"\" class=\"wp-image-468\" srcset=\"https:\/\/www.iginhattara.fi\/wp-content\/uploads\/2022\/04\/hattara-kasi-stroke-770x1024.png 770w, https:\/\/www.iginhattara.fi\/wp-content\/uploads\/2022\/04\/hattara-kasi-stroke-226x300.png 226w, https:\/\/www.iginhattara.fi\/wp-content\/uploads\/2022\/04\/hattara-kasi-stroke-768x1021.png 768w, https:\/\/www.iginhattara.fi\/wp-content\/uploads\/2022\/04\/hattara-kasi-stroke-1155x1536.png 1155w, https:\/\/www.iginhattara.fi\/wp-content\/uploads\/2022\/04\/hattara-kasi-stroke-1540x2048.png 1540w\" sizes=\"(max-width: 770px) 100vw, 770px\" \/><\/figure>\n<\/div>\n\n\n\n<div class=\"wp-block-column is-vertically-aligned-center\" style=\"flex-basis:50%\">\n<h2 class=\"has-text-align-left has-neve-text-color-color has-text-color\" style=\"font-size:65px\">MEIST\u00c4<\/h2>\n\n\n\n<h2 class=\"has-neve-text-color-color has-text-color has-large-font-size\">KOJU<\/h2>\n\n\n\n<figure class=\"wp-block-image size-large is-resized\"><img loading=\"lazy\" src=\"http:\/\/www.iginhattara.fi\/wp-content\/uploads\/2022\/04\/karry-stroke-770x1024.png\" alt=\"\" class=\"wp-image-469\" width=\"372\" height=\"495\" srcset=\"https:\/\/www.iginhattara.fi\/wp-content\/uploads\/2022\/04\/karry-stroke-770x1024.png 770w, https:\/\/www.iginhattara.fi\/wp-content\/uploads\/2022\/04\/karry-stroke-226x300.png 226w, https:\/\/www.iginhattara.fi\/wp-content\/uploads\/2022\/04\/karry-stroke-768x1021.png 768w, https:\/\/www.iginhattara.fi\/wp-content\/uploads\/2022\/04\/karry-stroke-1155x1536.png 1155w, https:\/\/www.iginhattara.fi\/wp-content\/uploads\/2022\/04\/karry-stroke-1540x2048.png 1540w\" sizes=\"(max-width: 372px) 100vw, 372px\" \/><\/figure>\n\n\n\n<p class=\"has-text-align-left has-neve-text-color-color has-text-color\" style=\"font-size:17px\">Igin Hattara on Turust kotoisin oleva hattara koju. Kojulla myyd\u00e4n v\u00e4hint\u00e4\u00e4 kuutta eri makuista hattara jotka vaihtelee aina v\u00e4lill\u00e4, kuitenkin saattavillla on aina tavallista valkoista hattara ilman mit\u00e4\u00e4n makua. Sokerit mausetaan ja v\u00e4rj\u00e4t\u00e4\u00e4n itse. Joten maku ja v\u00e4ri toiveita saa j\u00e4tt\u00e4\u00e4!<\/p>\n\n\n\n<div style=\"height:40px\" aria-hidden=\"true\" class=\"wp-block-spacer\"><\/div>\n\n\n\n<h2>SIRKUSESITYKSET:<\/h2>\n\n\n\n<p>Meilt\u00e4 saa tilattua my\u00f6s syntt\u00e4reille tai juhliin IGINPELLEPALVELUT. Esitykset r\u00e4\u00e4t\u00e4l\u00f6id\u00e4\u00e4n sinun tarpeisiisin. Meilt\u00e4 mm. Puujalka hahmoja, sirkuspajaa, roolihahmoja ja paljon muuta! kysy rohkeasti!<\/p>\n<\/div>\n<\/div>\n\n\n\n<div style=\"height:40px\" aria-hidden=\"true\" class=\"wp-block-spacer\"><\/div>\n<\/div><\/div>\n<\/div><\/div>\n\n\n\n<figure class=\"wp-block-gallery columns-3 is-cropped\"><ul class=\"blocks-gallery-grid\"><li class=\"blocks-gallery-item\"><figure><img loading=\"lazy\" width=\"770\" height=\"1024\" src=\"http:\/\/www.iginhattara.fi\/wp-content\/uploads\/2022\/04\/IMG_20211030_140432-770x1024.jpg\" alt=\"\" data-id=\"470\" data-full-url=\"http:\/\/www.iginhattara.fi\/wp-content\/uploads\/2022\/04\/IMG_20211030_140432-scaled.jpg\" data-link=\"http:\/\/www.iginhattara.fi\/index.php\/15c42-web-agency-gb-home\/img_20211030_140432\/\" class=\"wp-image-470\" srcset=\"https:\/\/www.iginhattara.fi\/wp-content\/uploads\/2022\/04\/IMG_20211030_140432-770x1024.jpg 770w, https:\/\/www.iginhattara.fi\/wp-content\/uploads\/2022\/04\/IMG_20211030_140432-226x300.jpg 226w, https:\/\/www.iginhattara.fi\/wp-content\/uploads\/2022\/04\/IMG_20211030_140432-768x1021.jpg 768w, https:\/\/www.iginhattara.fi\/wp-content\/uploads\/2022\/04\/IMG_20211030_140432-1155x1536.jpg 1155w, https:\/\/www.iginhattara.fi\/wp-content\/uploads\/2022\/04\/IMG_20211030_140432-1540x2048.jpg 1540w, https:\/\/www.iginhattara.fi\/wp-content\/uploads\/2022\/04\/IMG_20211030_140432-scaled.jpg 1925w\" sizes=\"(max-width: 770px) 100vw, 770px\" \/><\/figure><\/li><li class=\"blocks-gallery-item\"><figure><img loading=\"lazy\" width=\"770\" height=\"1024\" src=\"http:\/\/www.iginhattara.fi\/wp-content\/uploads\/2022\/04\/IMG_20220416_181953-770x1024.jpg\" alt=\"\" data-id=\"471\" data-full-url=\"http:\/\/www.iginhattara.fi\/wp-content\/uploads\/2022\/04\/IMG_20220416_181953-scaled.jpg\" data-link=\"http:\/\/www.iginhattara.fi\/index.php\/15c42-web-agency-gb-home\/img_20220416_181953\/\" class=\"wp-image-471\" srcset=\"https:\/\/www.iginhattara.fi\/wp-content\/uploads\/2022\/04\/IMG_20220416_181953-770x1024.jpg 770w, https:\/\/www.iginhattara.fi\/wp-content\/uploads\/2022\/04\/IMG_20220416_181953-226x300.jpg 226w, https:\/\/www.iginhattara.fi\/wp-content\/uploads\/2022\/04\/IMG_20220416_181953-768x1021.jpg 768w, https:\/\/www.iginhattara.fi\/wp-content\/uploads\/2022\/04\/IMG_20220416_181953-1155x1536.jpg 1155w, https:\/\/www.iginhattara.fi\/wp-content\/uploads\/2022\/04\/IMG_20220416_181953-1540x2048.jpg 1540w, https:\/\/www.iginhattara.fi\/wp-content\/uploads\/2022\/04\/IMG_20220416_181953-scaled.jpg 1925w\" sizes=\"(max-width: 770px) 100vw, 770px\" \/><\/figure><\/li><li class=\"blocks-gallery-item\"><figure><img loading=\"lazy\" width=\"770\" height=\"1024\" src=\"http:\/\/www.iginhattara.fi\/wp-content\/uploads\/2022\/04\/IMG_20220416_182144-770x1024.jpg\" alt=\"\" data-id=\"472\" data-full-url=\"http:\/\/www.iginhattara.fi\/wp-content\/uploads\/2022\/04\/IMG_20220416_182144-scaled.jpg\" data-link=\"http:\/\/www.iginhattara.fi\/index.php\/15c42-web-agency-gb-home\/img_20220416_182144\/\" class=\"wp-image-472\" srcset=\"https:\/\/www.iginhattara.fi\/wp-content\/uploads\/2022\/04\/IMG_20220416_182144-770x1024.jpg 770w, https:\/\/www.iginhattara.fi\/wp-content\/uploads\/2022\/04\/IMG_20220416_182144-226x300.jpg 226w, https:\/\/www.iginhattara.fi\/wp-content\/uploads\/2022\/04\/IMG_20220416_182144-768x1021.jpg 768w, https:\/\/www.iginhattara.fi\/wp-content\/uploads\/2022\/04\/IMG_20220416_182144-1155x1536.jpg 1155w, https:\/\/www.iginhattara.fi\/wp-content\/uploads\/2022\/04\/IMG_20220416_182144-1540x2048.jpg 1540w, https:\/\/www.iginhattara.fi\/wp-content\/uploads\/2022\/04\/IMG_20220416_182144-scaled.jpg 1925w\" sizes=\"(max-width: 770px) 100vw, 770px\" \/><\/figure><\/li><\/ul><\/figure>\n\n\n\n<div style=\"height:80px\" aria-hidden=\"true\" class=\"wp-block-spacer\"><\/div>\n\n\n\n<h2 class=\"has-text-align-center has-neve-link-color-background-color has-background\">SOMET<\/h2>\n\n\n\n<div class=\"wp-block-columns\">\n<div class=\"wp-block-column has-neve-link-color-background-color has-background\">\n<p><\/p>\n\n\n\n<p><\/p>\n\n\n\n<p><\/p>\n\n\n\n<div class=\"wp-block-image\"><figure class=\"aligncenter size-large is-resized\"><a href=\"https:\/\/www.instagram.com\/iginhattara\/\"><img loading=\"lazy\" src=\"http:\/\/www.iginhattara.fi\/wp-content\/uploads\/2021\/10\/new-instagram-logo-white-border-icon-png-large-1024x1024.png\" alt=\"\" class=\"wp-image-437\" width=\"167\" height=\"167\" srcset=\"https:\/\/www.iginhattara.fi\/wp-content\/uploads\/2021\/10\/new-instagram-logo-white-border-icon-png-large-1024x1024.png 1024w, https:\/\/www.iginhattara.fi\/wp-content\/uploads\/2021\/10\/new-instagram-logo-white-border-icon-png-large-300x300.png 300w, https:\/\/www.iginhattara.fi\/wp-content\/uploads\/2021\/10\/new-instagram-logo-white-border-icon-png-large-150x150.png 150w, https:\/\/www.iginhattara.fi\/wp-content\/uploads\/2021\/10\/new-instagram-logo-white-border-icon-png-large-768x768.png 768w, https:\/\/www.iginhattara.fi\/wp-content\/uploads\/2021\/10\/new-instagram-logo-white-border-icon-png-large-1536x1536.png 1536w, https:\/\/www.iginhattara.fi\/wp-content\/uploads\/2021\/10\/new-instagram-logo-white-border-icon-png-large-2048x2048.png 2048w\" sizes=\"(max-width: 167px) 100vw, 167px\" \/><\/a><\/figure><\/div>\n\n\n\n<h3 class=\"has-text-align-center has-neve-text-color-color has-text-color\">INSTAGRAM:<\/h3>\n\n\n\n<p class=\"has-text-align-center has-large-font-size\">@iginhattara<\/p>\n\n\n\n<div style=\"height:1px\" aria-hidden=\"true\" class=\"wp-block-spacer\"><\/div>\n\n\n<div class='pllexislider pllexislider-normal instaslider-nr-1'>\r\n    <ul class='no-bullet slides' id='wis-slides'>\r\n\t\t    <\/ul>\r\n<\/div>\r\n<script type='text\/javascript'>\r\n    jQuery(document).ready(function ($) {\r\n        $('.instaslider-nr-1').pllexislider({\r\n            animation: 'slide',\r\n            slideshowSpeed: 7000,\r\n            directionNav: true,\r\n            controlNav: false,\r\n            prevText: '',\r\n            nextText: '',\r\n        });\r\n    });\r\n<\/script>\n\n\n\n<p><\/p>\n<\/div>\n\n\n\n<div class=\"wp-block-column has-neve-link-hover-color-background-color has-background\">\n<p><\/p>\n\n\n\n<p><\/p>\n\n\n\n<div class=\"wp-block-image\"><figure class=\"aligncenter size-large is-resized\"><a href=\"https:\/\/www.facebook.com\/iginhattara\"><img loading=\"lazy\" src=\"http:\/\/www.iginhattara.fi\/wp-content\/uploads\/2021\/10\/facebook-logo-white-985x1024.png\" alt=\"\" class=\"wp-image-438\" width=\"163\" height=\"168\" srcset=\"https:\/\/www.iginhattara.fi\/wp-content\/uploads\/2021\/10\/facebook-logo-white-985x1024.png 985w, https:\/\/www.iginhattara.fi\/wp-content\/uploads\/2021\/10\/facebook-logo-white-289x300.png 289w, https:\/\/www.iginhattara.fi\/wp-content\/uploads\/2021\/10\/facebook-logo-white.png 1031w\" sizes=\"(max-width: 163px) 100vw, 163px\" \/><\/a><\/figure><\/div>\n\n\n\n<h3 class=\"has-text-align-center has-neve-text-color-color has-text-color\">FACEBOOK:<\/h3>\n\n\n\n<p class=\"has-text-align-center has-large-font-size\">Igin hattara<\/p>\n\n\n\n<div style=\"height:20px\" aria-hidden=\"true\" class=\"wp-block-spacer\"><\/div>\n\n\n\n<p><\/p>\n<\/div>\n<\/div>\n\n\n\n<p class=\"has-text-align-center\"><\/p>\n\n\n\n<div class=\"wp-block-columns has-text-color\" style=\"color:#0b1f27\">\n<div class=\"wp-block-column has-nv-dark-bg-background-color has-background\">\n<h2 class=\"has-text-align-center has-nv-text-dark-bg-color has-text-color\">Yhteystiedot<\/h2>\n\n\n\n<p class=\"has-text-align-center has-nv-text-dark-bg-color has-text-color\">Ignacy Winiarczyk<\/p>\n\n\n\n<p class=\"has-text-align-center has-nv-text-dark-bg-color has-text-color\">ignacy.winiarczyk@gmail.com<\/p>\n\n\n\n<p class=\"has-text-align-center has-nv-text-dark-bg-color has-text-color\">+358451055111<\/p>\n\n\n\n<p class=\"has-text-align-center has-nv-text-dark-bg-color has-text-color\">Y-Tunnus: 3182133-8<\/p>\n\n\n\n<p class=\"has-text-align-center has-nv-text-dark-bg-color has-text-color\">Winiarczyk Entertainment<\/p>\n\n\n\n<p class=\"has-text-align-center\"><strong><a href=\"https:\/\/www.oivahymy.fi\/yrityshaku?hakusana=Igin%20hattara\" data-type=\"URL\" data-id=\"https:\/\/www.oivahymy.fi\/yrityshaku?hakusana=Igin%20hattara\">Oiva raportti<\/a><\/strong><\/p>\n\n\n\n<p><\/p>\n<\/div>\n<\/div>\n\n\n\n<div class=\"wp-block-columns\">\n<div class=\"wp-block-column\">\n<p class=\"has-text-align-center has-nv-text-dark-bg-color has-nv-dark-bg-background-color has-text-color has-background\"> Sen pituinen se tarina! Suunta on vain yl\u00f6s<a href=\"http:\/\/www.iginhattara.fi\/index.php\/\u254e-\ua58e\u254e\ua58c\u14b7-\u0296\u254e\u22a3-\u0296\ud835\ude79\ud835\ude79\u0296\u14ed\/\"> <\/a>:3<\/p>\n<\/div>\n<\/div>\n\n\n\n<p><\/p>\n","protected":false},"excerpt":{"rendered":"<p>MIT\u00c4? Hattaraa! kuutta eri makua ja v\u00e4ri\u00e4. Isosti makua ja reippaasti kokoa todenn\u00e4k\u00f6isesti suomen suurimmat hattarat! Katso kuvat alhalta! MISS\u00c4? Meid\u00e4n vaaleapunainen k\u00e4rry haahuilee ymp\u00f6ri Turkua ja erottuu v\u00e4rill\u00e4 sen katukuvasta. Tarkemman sijainnin l\u00f6yd\u00e4t kartalta alhalta! TILAISUUKSIIN? K\u00e4rryn voi tilata kaiken\u00e4k\u00f6isiin julkisiin tai yksityisiin tilaisuuksiin. Ota roheesti yhteytt\u00e4! Lis\u00e4ksi tarjoamme sirkusesityksi\u00e4! Lis\u00e4\u00e4 alhalla! SOMET INSTAGRAM:&hellip;&nbsp;<a href=\"https:\/\/www.iginhattara.fi\/\" class=\"\" rel=\"bookmark\">Lue lis\u00e4\u00e4 &raquo;<span class=\"screen-reader-text\"><\/span><\/a><\/p>\n","protected":false},"author":1,"featured_media":0,"parent":0,"menu_order":0,"comment_status":"closed","ping_status":"closed","template":"","meta":{"neve_meta_sidebar":"default","neve_meta_container":"full-width","neve_meta_enable_content_width":"on","neve_meta_content_width":100,"neve_meta_title_alignment":"","neve_meta_author_avatar":"","neve_post_elements_order":"","neve_meta_disable_header":"","neve_meta_disable_footer":"","neve_meta_disable_title":"on","_ti_tpc_template_sync":false,"_ti_tpc_template_id":"cwhkd9lki581rusuhjti"},"_links":{"self":[{"href":"https:\/\/www.iginhattara.fi\/index.php\/wp-json\/wp\/v2\/pages\/374"}],"collection":[{"href":"https:\/\/www.iginhattara.fi\/index.php\/wp-json\/wp\/v2\/pages"}],"about":[{"href":"https:\/\/www.iginhattara.fi\/index.php\/wp-json\/wp\/v2\/types\/page"}],"author":[{"embeddable":true,"href":"https:\/\/www.iginhattara.fi\/index.php\/wp-json\/wp\/v2\/users\/1"}],"replies":[{"embeddable":true,"href":"https:\/\/www.iginhattara.fi\/index.php\/wp-json\/wp\/v2\/comments?post=374"}],"version-history":[{"count":39,"href":"https:\/\/www.iginhattara.fi\/index.php\/wp-json\/wp\/v2\/pages\/374\/revisions"}],"predecessor-version":[{"id":518,"href":"https:\/\/www.iginhattara.fi\/index.php\/wp-json\/wp\/v2\/pages\/374\/revisions\/518"}],"wp:attachment":[{"href":"https:\/\/www.iginhattara.fi\/index.php\/wp-json\/wp\/v2\/media?parent=374"}],"curies":[{"name":"wp","href":"https:\/\/api.w.org\/{rel}","templated":true}]}}